{"id":7785,"date":"2024-12-09T14:39:29","date_gmt":"2024-12-09T14:39:29","guid":{"rendered":"https:\/\/vissershipping.nl\/douwe-visser\/"},"modified":"2025-01-04T10:17:19","modified_gmt":"2025-01-04T10:17:19","slug":"douwe-visser","status":"publish","type":"page","link":"https:\/\/vissershipping.nl\/de\/douwe-visser\/","title":{"rendered":"Douwe Visser"},"content":{"rendered":"\t\t<div data-elementor-type=\"wp-page\" data-elementor-id=\"7785\" class=\"elementor elementor-7785 elementor-7239\">\n\t\t\t\t\t\t<section class=\"elementor-section elementor-top-section elementor-element elementor-element-3cf6d24 elementor-section-content-top elementor-section-boxed elementor-section-height-default elementor-section-height-default\" data-id=\"3cf6d24\" data-element_type=\"section\" data-e-type=\"section\" data-settings=\"{&quot;background_background&quot;:&quot;classic&quot;,&quot;shape_divider_bottom&quot;:&quot;lqd-custom-shape-12&quot;}\">\n\t\t\t\t\t\t\t<div class=\"elementor-background-overlay\"><\/div>\n\t\t\t\t\t\t<div class=\"elementor-shape elementor-shape-bottom\" aria-hidden=\"true\" data-negative=\"false\">\n\t\t\t<svg class=\"lqd-custom-shape\" xmlns=\"http:\/\/www.w3.org\/2000\/svg\" preserveAspectRatio=\"none\"  viewBox=\"0 0 1440 150\">\n    <path class=\"elementor-shape-fill\" d=\"M 0 26.1978 C 275.76 83.8152 430.707 65.0509 716.279 25.6386 C 930.422 -3.86123 1210.32 -3.98357 1439 9.18045 C 2072.34 45.9691 2201.93 62.4429 2560 26.198 V 172.199 L 0 172.199 V 26.1978 Z\">\n        <animate repeatCount=\"indefinite\" fill=\"freeze\" attributeName=\"d\" dur=\"10s\" values=\"M0 25.9086C277 84.5821 433 65.736 720 25.9086C934.818 -3.9019 1214.06 -5.23669 1442 8.06597C2079 45.2421 2208 63.5007 2560 25.9088V171.91L0 171.91V25.9086Z; M0 86.3149C316 86.315 444 159.155 884 51.1554C1324 -56.8446 1320.29 34.1214 1538 70.4063C1814 116.407 2156 188.408 2560 86.315V232.317L0 232.316V86.3149Z; M0 53.6584C158 11.0001 213 0 363 0C513 0 855.555 115.001 1154 115.001C1440 115.001 1626 -38.0004 2560 53.6585V199.66L0 199.66V53.6584Z; M0 25.9086C277 84.5821 433 65.736 720 25.9086C934.818 -3.9019 1214.06 -5.23669 1442 8.06597C2079 45.2421 2208 63.5007 2560 25.9088V171.91L0 171.91V25.9086Z\">\n        <\/animate>\n    <\/path>\n<\/svg>\t\t<\/div>\n\t\t\t\t\t<div class=\"elementor-container elementor-column-gap-default\">\n\t\t\t\t\t<div class=\"elementor-column elementor-col-100 elementor-top-column elementor-element elementor-element-ef27e56\" data-id=\"ef27e56\" data-element_type=\"column\" data-e-type=\"column\">\n\t\t\t<div class=\"elementor-widget-wrap elementor-element-populated\">\n\t\t\t\t\t\t<div class=\"elementor-element elementor-element-abc8cef elementor-widget elementor-widget-hub_fancy_heading\" data-id=\"abc8cef\" data-element_type=\"widget\" data-e-type=\"widget\" data-widget_type=\"hub_fancy_heading.default\">\n\t\t\t\t<div class=\"elementor-widget-container\">\n\t\t\t\t\t\n\t\t<div id=\"ld-fancy-heading-69e8939de168d\" class=\"ld-fancy-heading pos-rel ld-fh-outline\">\n\t\t\t<h2 class=\"ld-fh-element d-inline-block pos-rel  elementor-heading-title lqd-highlight-classic lqd-highlight-grow-left h1\"  ><span class=\"ld-fh-txt-outline\">Schiffsfahrer Douwe Visser<\/span> Schiffsfahrer Douwe Visser<\/h2>\t\t<\/div>\n\n\t\t\t\t\t\t<\/div>\n\t\t\t\t<\/div>\n\t\t\t\t<section class=\"elementor-section elementor-inner-section elementor-element elementor-element-c28076a elementor-section-boxed elementor-section-height-default elementor-section-height-default elementor-invisible\" data-id=\"c28076a\" data-element_type=\"section\" data-e-type=\"section\" data-settings=\"{&quot;animation&quot;:&quot;fadeIn&quot;,&quot;animation_delay&quot;:2500}\">\n\t\t\t\t\t\t<div class=\"elementor-container elementor-column-gap-default\">\n\t\t\t\t\t<div class=\"elementor-column elementor-col-100 elementor-inner-column elementor-element elementor-element-0996ac4\" data-id=\"0996ac4\" data-element_type=\"column\" data-e-type=\"column\">\n\t\t\t<div class=\"elementor-widget-wrap\">\n\t\t\t\t\t\t\t<\/div>\n\t\t<\/div>\n\t\t\t\t\t<\/div>\n\t\t<\/section>\n\t\t\t\t\t<\/div>\n\t\t<\/div>\n\t\t\t\t\t<\/div>\n\t\t<\/section>\n\t\t\t\t<section class=\"elementor-section elementor-top-section elementor-element elementor-element-212f77c0 elementor-section-boxed elementor-section-height-default elementor-section-height-default\" data-id=\"212f77c0\" data-element_type=\"section\" data-e-type=\"section\">\n\t\t\t\t\t\t<div class=\"elementor-container elementor-column-gap-default\">\n\t\t\t\t\t<div class=\"elementor-column elementor-col-50 elementor-top-column elementor-element elementor-element-4106bf71\" data-id=\"4106bf71\" data-element_type=\"column\" data-e-type=\"column\">\n\t\t\t<div class=\"elementor-widget-wrap elementor-element-populated\">\n\t\t\t\t\t\t<div class=\"elementor-element elementor-element-16449107 elementor-widget elementor-widget-hub_fancy_heading\" data-id=\"16449107\" data-element_type=\"widget\" data-e-type=\"widget\" data-widget_type=\"hub_fancy_heading.default\">\n\t\t\t\t<div class=\"elementor-widget-container\">\n\t\t\t\t\t\n\t\t<div id=\"ld-fancy-heading-69e8939de1d62\" class=\"ld-fancy-heading pos-rel\">\n\t\t\t<h1 class=\"ld-fh-element d-inline-block pos-rel  elementor-heading-title lqd-highlight-classic lqd-highlight-grow-left h1\"  > Douwe Visser<\/h1>\t\t<\/div>\n\n\t\t\t\t\t\t<\/div>\n\t\t\t\t<\/div>\n\t\t\t\t<div class=\"elementor-element elementor-element-bddc09c elementor-widget elementor-widget-text-editor\" data-id=\"bddc09c\" data-element_type=\"widget\" data-e-type=\"widget\" data-widget_type=\"text-editor.default\">\n\t\t\t\t<div class=\"elementor-widget-container\">\n\t\t\t\t\t\t\t\t\t<p>wurde in Sneek geboren und stammt aus einer friesischen Familie von Schiffern. Sk\u00fbtsjesilen wurde in seiner Familie von Generation zu Generation weitergegeben. Seit 2005 ist er Skipper auf der Grouster sk\u00fbtsje.<br \/><br \/><strong>Sk\u00fbtsje-Karriere Douwe Visser<br \/><\/strong>Seit seinem 15. Lebensjahr ist er in sk\u00fbtsjesilen aktiv. Von 1978 bis 2001 war er Besatzungsmitglied auf der Sneker Pan. Mit dieser Mannschaft gewann er 1984, 1995 und 1996 den Titel. Anschlie\u00dfend war er von 2002 bis 2004 Skipper auf der Drachtster sk\u00fbtsje. Von 2005 bis heute ist er Skipper auf der Grouster sk\u00fbtsje. Mit seiner Mannschaft wurde er 2005, 2009, 2014, 2017, 2018, 2019, 2023 und 2024 Meister im Sk\u00fbtsjesilen.<\/p>\t\t\t\t\t\t\t\t<\/div>\n\t\t\t\t<\/div>\n\t\t\t\t\t<\/div>\n\t\t<\/div>\n\t\t\t\t<div class=\"elementor-column elementor-col-50 elementor-top-column elementor-element elementor-element-3e59e93f\" data-id=\"3e59e93f\" data-element_type=\"column\" data-e-type=\"column\">\n\t\t\t<div class=\"elementor-widget-wrap elementor-element-populated\">\n\t\t\t\t\t\t<div class=\"elementor-element elementor-element-4eea194a elementor-widget elementor-widget-ld_fancy_image\" data-id=\"4eea194a\" data-element_type=\"widget\" data-e-type=\"widget\" data-widget_type=\"ld_fancy_image.default\">\n\t\t\t\t<div class=\"elementor-widget-container\">\n\t\t\t\t\t\n\t\t<div class=\"lqd-imggrp-single d-block pos-rel \">\n\t\t\t<div class=\"lqd-imggrp-img-container d-inline-flex pos-rel align-items-center justify-content-center \">\n\t\t\t\t\t\t\t\t<figure class=\"w-100 pos-rel\">\n\t\t\t\t\t<img fetchpriority=\"high\" decoding=\"async\" width=\"1200\" height=\"1200\" src=\"https:\/\/vissershipping.nl\/wp-content\/uploads\/2024\/12\/Douwe-Visser-III.jpg\" class=\"attachment-full size-full wp-image-7243\" alt=\"Douwe Visser III\" srcset=\"https:\/\/vissershipping.nl\/wp-content\/uploads\/2024\/12\/Douwe-Visser-III.jpg 1200w, https:\/\/vissershipping.nl\/wp-content\/uploads\/2024\/12\/Douwe-Visser-III-300x300.jpg 300w, https:\/\/vissershipping.nl\/wp-content\/uploads\/2024\/12\/Douwe-Visser-III-1024x1024.jpg 1024w, https:\/\/vissershipping.nl\/wp-content\/uploads\/2024\/12\/Douwe-Visser-III-150x150.jpg 150w, https:\/\/vissershipping.nl\/wp-content\/uploads\/2024\/12\/Douwe-Visser-III-320x320.jpg 320w, https:\/\/vissershipping.nl\/wp-content\/uploads\/2024\/12\/Douwe-Visser-III-760x760.jpg 760w\" sizes=\"(max-width: 1200px) 100vw, 1200px\" itemprop=\"image\" \/>\t\t\t\t\t\t\t\t\t\t\t\t\t\t\t\t\t\t\t\t\t\t\t\t\t\t\t\t\t<\/figure>\n\t\t\t<\/div>\n\t\t<\/div>\n\n\t\t\t\t\t<\/div>\n\t\t\t\t<\/div>\n\t\t\t\t\t<\/div>\n\t\t<\/div>\n\t\t\t\t\t<\/div>\n\t\t<\/section>\n\t\t\t\t<section class=\"elementor-section elementor-top-section elementor-element elementor-element-4246b25 elementor-section-boxed elementor-section-height-default elementor-section-height-default\" data-id=\"4246b25\" data-element_type=\"section\" data-e-type=\"section\" data-settings=\"{&quot;background_background&quot;:&quot;classic&quot;}\">\n\t\t\t\t\t\t<div class=\"elementor-container elementor-column-gap-default\">\n\t\t\t\t\t<div class=\"elementor-column elementor-col-50 elementor-top-column elementor-element elementor-element-53bdb2b\" data-id=\"53bdb2b\" data-element_type=\"column\" data-e-type=\"column\">\n\t\t\t<div class=\"elementor-widget-wrap elementor-element-populated\">\n\t\t\t\t\t\t<div class=\"elementor-element elementor-element-486a567 elementor-widget elementor-widget-ld_fancy_image\" data-id=\"486a567\" data-element_type=\"widget\" data-e-type=\"widget\" data-widget_type=\"ld_fancy_image.default\">\n\t\t\t\t<div class=\"elementor-widget-container\">\n\t\t\t\t\t\n\t\t<div class=\"lqd-imggrp-single d-block pos-rel \">\n\t\t\t<div class=\"lqd-imggrp-img-container d-inline-flex pos-rel align-items-center justify-content-center \">\n\t\t\t\t\t\t\t\t<figure class=\"w-100 pos-rel\">\n\t\t\t\t\t<img decoding=\"async\" width=\"800\" height=\"800\" src=\"data:image\/svg+xml;charset=utf-8,%3Csvg xmlns%3D&#039;http%3A%2F%2Fwww.w3.org%2F2000%2Fsvg&#039; viewBox%3D&#039;0 0 800 800&#039;%2F%3E\" class=\"attachment-full size-full wp-image-7271 ld-lazyload\" alt=\"Douwe Visser II\" itemprop=\"image\" data-src=\"https:\/\/vissershipping.nl\/wp-content\/uploads\/2024\/12\/Douwe-Visser-II-e1733757104422.jpg\" data-srcset=\"https:\/\/vissershipping.nl\/wp-content\/uploads\/2024\/12\/Douwe-Visser-II-e1733757104422.jpg 800w, https:\/\/vissershipping.nl\/wp-content\/uploads\/2024\/12\/Douwe-Visser-II-e1733757104422-300x300.jpg 300w, https:\/\/vissershipping.nl\/wp-content\/uploads\/2024\/12\/Douwe-Visser-II-e1733757104422-150x150.jpg 150w, https:\/\/vissershipping.nl\/wp-content\/uploads\/2024\/12\/Douwe-Visser-II-e1733757104422-320x320.jpg 320w, https:\/\/vissershipping.nl\/wp-content\/uploads\/2024\/12\/Douwe-Visser-II-e1733757104422-760x760.jpg 760w, https:\/\/vissershipping.nl\/wp-content\/uploads\/2024\/12\/Douwe-Visser-II-e1733757104422-768x768.jpg 768w\" data-sizes=\"(max-width: 800px) 100vw, 800px\" data-aspect=\"1\" \/>\t\t\t\t\t\t\t\t\t\t\t\t\t\t\t\t\t\t\t\t\t\t\t\t\t\t\t\t\t<\/figure>\n\t\t\t<\/div>\n\t\t<\/div>\n\n\t\t\t\t\t<\/div>\n\t\t\t\t<\/div>\n\t\t\t\t\t<\/div>\n\t\t<\/div>\n\t\t\t\t<div class=\"elementor-column elementor-col-50 elementor-top-column elementor-element elementor-element-5d819b8\" data-id=\"5d819b8\" data-element_type=\"column\" data-e-type=\"column\">\n\t\t\t<div class=\"elementor-widget-wrap elementor-element-populated\">\n\t\t\t\t\t\t<div class=\"elementor-element elementor-element-2e36766 elementor-widget elementor-widget-hub_fancy_heading\" data-id=\"2e36766\" data-element_type=\"widget\" data-e-type=\"widget\" data-widget_type=\"hub_fancy_heading.default\">\n\t\t\t\t<div class=\"elementor-widget-container\">\n\t\t\t\t\t\n\t\t<div id=\"ld-fancy-heading-69e8939df2a5b\" class=\"ld-fancy-heading pos-rel\">\n\t\t\t<h1 class=\"ld-fh-element d-inline-block pos-rel  elementor-heading-title lqd-highlight-classic lqd-highlight-grow-left h1\"  > Was ist sk\u00fbtsjesilen?<\/h1>\t\t<\/div>\n\n\t\t\t\t\t\t<\/div>\n\t\t\t\t<\/div>\n\t\t\t\t<div class=\"elementor-element elementor-element-47fef09 elementor-widget elementor-widget-text-editor\" data-id=\"47fef09\" data-element_type=\"widget\" data-e-type=\"widget\" data-widget_type=\"text-editor.default\">\n\t\t\t\t<div class=\"elementor-widget-container\">\n\t\t\t\t\t\t\t\t\t<p>Sk\u00fbtsjesilen ist ein Segelwettbewerb mit alten Frachtschiffen, Plattbodenschiffen, die zu Beginn des letzten Jahrhunderts gebaut wurden, um Torf, Dung und andere Ladung zu Bauernhaufen zu bringen. Hierfar mussten die Schiffe auf untiefen Kanalen fahren. Deshalb wurden sie lang und flach gebaut.<\/p><p><strong>Wettkampf-Sk\u00fbtsjes<\/strong><\/p><p>Viele authentische Sk\u00fbtsjes wurden inzwischen zur Teilnahme an Wettbewerben eingerichtet. So sind die Wettkampf-Sk\u00fbtsjes mit Segeln von durchschnittlich 160 Quadratmetern ausgestattet und wurden verlangert, um die Rumpfgeschwindigkeit positiv zu beeinflussen. Diese Anpassungen unterliegen bestimmten Vorschriften, um gleiche Chancen far alle Schiffe zu gewahrleisten. Das Sk\u00fbtsjesilen wird jedes Jahr von der Zentralen Kommission far Sk\u00fbtsjesilen (Sintrale Kommisje Sk\u00fbtsjesilen, SKS) durchgefahrt.<br \/><strong><br \/><\/strong>Weitere Informationen zum SKS-Wettkampf finden Sie unterr <a href=\"https:\/\/www.skutsjesilen.nl\" target=\"_blank\" rel=\"noopener\">www.skutsjesilen.nl\/<\/a><\/p>\t\t\t\t\t\t\t\t<\/div>\n\t\t\t\t<\/div>\n\t\t\t\t\t<\/div>\n\t\t<\/div>\n\t\t\t\t\t<\/div>\n\t\t<\/section>\n\t\t\t\t<section class=\"elementor-section elementor-top-section elementor-element elementor-element-330bd5b1 elementor-section-boxed elementor-section-height-default elementor-section-height-default\" data-id=\"330bd5b1\" data-element_type=\"section\" data-e-type=\"section\" data-settings=\"{&quot;background_background&quot;:&quot;classic&quot;,&quot;shape_divider_top&quot;:&quot;lqd-custom-shape-12&quot;}\">\n\t\t\t\t\t\t\t<div class=\"elementor-background-overlay\"><\/div>\n\t\t\t\t\t\t<div class=\"elementor-shape elementor-shape-top\" aria-hidden=\"true\" data-negative=\"false\">\n\t\t\t<svg class=\"lqd-custom-shape\" xmlns=\"http:\/\/www.w3.org\/2000\/svg\" preserveAspectRatio=\"none\"  viewBox=\"0 0 1440 150\">\n    <path class=\"elementor-shape-fill\" d=\"M 0 26.1978 C 275.76 83.8152 430.707 65.0509 716.279 25.6386 C 930.422 -3.86123 1210.32 -3.98357 1439 9.18045 C 2072.34 45.9691 2201.93 62.4429 2560 26.198 V 172.199 L 0 172.199 V 26.1978 Z\">\n        <animate repeatCount=\"indefinite\" fill=\"freeze\" attributeName=\"d\" dur=\"10s\" values=\"M0 25.9086C277 84.5821 433 65.736 720 25.9086C934.818 -3.9019 1214.06 -5.23669 1442 8.06597C2079 45.2421 2208 63.5007 2560 25.9088V171.91L0 171.91V25.9086Z; M0 86.3149C316 86.315 444 159.155 884 51.1554C1324 -56.8446 1320.29 34.1214 1538 70.4063C1814 116.407 2156 188.408 2560 86.315V232.317L0 232.316V86.3149Z; M0 53.6584C158 11.0001 213 0 363 0C513 0 855.555 115.001 1154 115.001C1440 115.001 1626 -38.0004 2560 53.6585V199.66L0 199.66V53.6584Z; M0 25.9086C277 84.5821 433 65.736 720 25.9086C934.818 -3.9019 1214.06 -5.23669 1442 8.06597C2079 45.2421 2208 63.5007 2560 25.9088V171.91L0 171.91V25.9086Z\">\n        <\/animate>\n    <\/path>\n<\/svg>\t\t<\/div>\n\t\t\t\t\t<div class=\"elementor-container elementor-column-gap-default\">\n\t\t\t\t\t<div class=\"elementor-column elementor-col-100 elementor-top-column elementor-element elementor-element-36dd1a2e\" data-id=\"36dd1a2e\" data-element_type=\"column\" data-e-type=\"column\">\n\t\t\t<div class=\"elementor-widget-wrap elementor-element-populated\">\n\t\t\t\t\t\t<div class=\"elementor-element elementor-element-146ed569 elementor-widget elementor-widget-hub_fancy_heading\" data-id=\"146ed569\" data-element_type=\"widget\" data-e-type=\"widget\" data-widget_type=\"hub_fancy_heading.default\">\n\t\t\t\t<div class=\"elementor-widget-container\">\n\t\t\t\t\t\n\t\t<div id=\"ld-fancy-heading-69e8939df36e7\" class=\"ld-fancy-heading pos-rel\">\n\t\t\t<h2 class=\"ld-fh-element d-inline-block pos-rel  elementor-heading-title lqd-highlight-classic lqd-highlight-grow-left h2\"  data-inview=\"true\" data-transition-delay=\"true\" data-delay-options=\"{&quot;elements&quot;:&quot;.lqd-highlight-inner&quot;,&quot;delayType&quot;:&quot;transition&quot;}\" > Wenn Sie Fragen oder <mark class=\"lqd-highlight\"><span class=\"lqd-highlight-txt\"  > Interesse <\/span><span class=\"lqd-highlight-inner\"><\/span><\/mark> an den Dienstleistungen von Visser Shipping haben<\/h2>\t\t<\/div>\n\n\t\t\t\t\t\t<\/div>\n\t\t\t\t<\/div>\n\t\t\t\t<div class=\"elementor-element elementor-element-72c74d19 elementor-widget__width-auto elementor-widget elementor-widget-ld_button\" data-id=\"72c74d19\" data-element_type=\"widget\" data-e-type=\"widget\" data-widget_type=\"ld_button.default\">\n\t\t\t\t<div class=\"elementor-widget-container\">\n\t\t\t\t\t\n\t\t\t<a\n\t\t\t\thref=\"https:\/\/vissershipping.nl\/?page_id=5788\"class=\"elementor-button btn btn-solid btn-lg btn-icon-right btn-has-label\"\t\t\t>\n\t\t\t\t\t\t\t\t\t<span data-text=\"Kontakt\" class=\"btn-txt\">\n\t\t\t\t\t\tKontakt\t\t\t\t\t<\/span>\n\t\t\t\t\t\t\t\t\t\t\t\t\t\t<span class=\"btn-icon\">\n\t\t\t\t\t\t\t<i aria-hidden=\"true\" class=\"lqd-icn-ess icon-lqd-pen\"><\/i>\t\t\t\t\t\t<\/span>\n\t\t\t\t\t\t\t\t\t<\/a>\n\t\t\t\t\t\t\t<\/div>\n\t\t\t\t<\/div>\n\t\t\t\t\t<\/div>\n\t\t<\/div>\n\t\t\t\t\t<\/div>\n\t\t<\/section>\n\t\t\t\t<\/div>\n\t\t","protected":false},"excerpt":{"rendered":"<p>Schiffsfahrer Douwe Visser Schiffsfahrer Douwe Visser Douwe Visser wurde in Sneek geboren und stammt aus einer friesischen Familie von Schiffern. Sk\u00fbtsjesilen wurde in seiner Familie von Generation zu Generation weitergegeben. Seit 2005 ist er Skipper auf der Grouster sk\u00fbtsje. Sk\u00fbtsje-Karriere Douwe VisserSeit seinem 15. Lebensjahr ist er in sk\u00fbtsjesilen aktiv. Von 1978 bis 2001 war [&hellip;]<\/p>\n","protected":false},"author":1,"featured_media":0,"parent":0,"menu_order":0,"comment_status":"closed","ping_status":"closed","template":"","meta":{"footnotes":""},"class_list":["post-7785","page","type-page","status-publish","hentry"],"yoast_head":"<!-- This site is optimized with the Yoast SEO plugin v25.8 - https:\/\/yoast.com\/wordpress\/plugins\/seo\/ -->\n<title>Douwe Visser - Vissershipping<\/title>\n<meta name=\"robots\" content=\"index, follow, max-snippet:-1, max-image-preview:large, max-video-preview:-1\" \/>\n<link rel=\"canonical\" href=\"https:\/\/vissershipping.nl\/de\/douwe-visser\/\" \/>\n<meta property=\"og:locale\" content=\"de_DE\" \/>\n<meta property=\"og:type\" content=\"article\" \/>\n<meta property=\"og:title\" content=\"Douwe Visser - Vissershipping\" \/>\n<meta property=\"og:description\" content=\"Schiffsfahrer Douwe Visser Schiffsfahrer Douwe Visser Douwe Visser wurde in Sneek geboren und stammt aus einer friesischen Familie von Schiffern. Sk\u00fbtsjesilen wurde in seiner Familie von Generation zu Generation weitergegeben. Seit 2005 ist er Skipper auf der Grouster sk\u00fbtsje. Sk\u00fbtsje-Karriere Douwe VisserSeit seinem 15. Lebensjahr ist er in sk\u00fbtsjesilen aktiv. Von 1978 bis 2001 war [&hellip;]\" \/>\n<meta property=\"og:url\" content=\"https:\/\/vissershipping.nl\/de\/douwe-visser\/\" \/>\n<meta property=\"og:site_name\" content=\"Vissershipping\" \/>\n<meta property=\"article:publisher\" content=\"https:\/\/www.facebook.com\/p\/Visser-Shipping-100063992502092\/?locale=nl_NL\" \/>\n<meta property=\"article:modified_time\" content=\"2025-01-04T10:17:19+00:00\" \/>\n<meta property=\"og:image\" content=\"https:\/\/vissershipping.nl\/wp-content\/uploads\/2024\/12\/Douwe-Visser-III.jpg\" \/>\n<meta name=\"twitter:card\" content=\"summary_large_image\" \/>\n<meta name=\"twitter:label1\" content=\"Gesch\u00e4tzte Lesezeit\" \/>\n\t<meta name=\"twitter:data1\" content=\"1\u00a0Minute\" \/>\n<script type=\"application\/ld+json\" class=\"yoast-schema-graph\">{\"@context\":\"https:\/\/schema.org\",\"@graph\":[{\"@type\":\"WebPage\",\"@id\":\"https:\/\/vissershipping.nl\/de\/douwe-visser\/\",\"url\":\"https:\/\/vissershipping.nl\/de\/douwe-visser\/\",\"name\":\"Douwe Visser - Vissershipping\",\"isPartOf\":{\"@id\":\"https:\/\/vissershipping.nl\/de\/#website\"},\"primaryImageOfPage\":{\"@id\":\"https:\/\/vissershipping.nl\/de\/douwe-visser\/#primaryimage\"},\"image\":{\"@id\":\"https:\/\/vissershipping.nl\/de\/douwe-visser\/#primaryimage\"},\"thumbnailUrl\":\"https:\/\/vissershipping.nl\/wp-content\/uploads\/2024\/12\/Douwe-Visser-III.jpg\",\"datePublished\":\"2024-12-09T14:39:29+00:00\",\"dateModified\":\"2025-01-04T10:17:19+00:00\",\"breadcrumb\":{\"@id\":\"https:\/\/vissershipping.nl\/de\/douwe-visser\/#breadcrumb\"},\"inLanguage\":\"de\",\"potentialAction\":[{\"@type\":\"ReadAction\",\"target\":[\"https:\/\/vissershipping.nl\/de\/douwe-visser\/\"]}]},{\"@type\":\"ImageObject\",\"inLanguage\":\"de\",\"@id\":\"https:\/\/vissershipping.nl\/de\/douwe-visser\/#primaryimage\",\"url\":\"https:\/\/vissershipping.nl\/wp-content\/uploads\/2024\/12\/Douwe-Visser-III.jpg\",\"contentUrl\":\"https:\/\/vissershipping.nl\/wp-content\/uploads\/2024\/12\/Douwe-Visser-III.jpg\"},{\"@type\":\"BreadcrumbList\",\"@id\":\"https:\/\/vissershipping.nl\/de\/douwe-visser\/#breadcrumb\",\"itemListElement\":[{\"@type\":\"ListItem\",\"position\":1,\"name\":\"Home\",\"item\":\"https:\/\/vissershipping.nl\/de\/startseite\/\"},{\"@type\":\"ListItem\",\"position\":2,\"name\":\"Douwe Visser\"}]},{\"@type\":\"WebSite\",\"@id\":\"https:\/\/vissershipping.nl\/de\/#website\",\"url\":\"https:\/\/vissershipping.nl\/de\/\",\"name\":\"Vissershipping\",\"description\":\"Mit f\u00fcnf modernen Containerschiffen bietet Visser Shipping Containertransporte auf dem Seeweg mit Zielen in ganz Nordwesteuropa an.\",\"publisher\":{\"@id\":\"https:\/\/vissershipping.nl\/de\/#organization\"},\"potentialAction\":[{\"@type\":\"SearchAction\",\"target\":{\"@type\":\"EntryPoint\",\"urlTemplate\":\"https:\/\/vissershipping.nl\/de\/?s={search_term_string}\"},\"query-input\":{\"@type\":\"PropertyValueSpecification\",\"valueRequired\":true,\"valueName\":\"search_term_string\"}}],\"inLanguage\":\"de\"},{\"@type\":\"Organization\",\"@id\":\"https:\/\/vissershipping.nl\/de\/#organization\",\"name\":\"Visser Shipping\",\"url\":\"https:\/\/vissershipping.nl\/de\/\",\"logo\":{\"@type\":\"ImageObject\",\"inLanguage\":\"de\",\"@id\":\"https:\/\/vissershipping.nl\/de\/#\/schema\/logo\/image\/\",\"url\":\"https:\/\/vissershipping.nl\/wp-content\/uploads\/2025\/01\/VS-logo-drak.webp\",\"contentUrl\":\"https:\/\/vissershipping.nl\/wp-content\/uploads\/2025\/01\/VS-logo-drak.webp\",\"width\":272,\"height\":100,\"caption\":\"Visser Shipping\"},\"image\":{\"@id\":\"https:\/\/vissershipping.nl\/de\/#\/schema\/logo\/image\/\"},\"sameAs\":[\"https:\/\/www.facebook.com\/p\/Visser-Shipping-100063992502092\/?locale=nl_NL\",\"https:\/\/www.instagram.com\/vissershipping\",\"https:\/\/www.linkedin.com\/company\/visser-shipping\/\"]}]}<\/script>\n<!-- \/ Yoast SEO plugin. -->","yoast_head_json":{"title":"Douwe Visser - Vissershipping","robots":{"index":"index","follow":"follow","max-snippet":"max-snippet:-1","max-image-preview":"max-image-preview:large","max-video-preview":"max-video-preview:-1"},"canonical":"https:\/\/vissershipping.nl\/de\/douwe-visser\/","og_locale":"de_DE","og_type":"article","og_title":"Douwe Visser - Vissershipping","og_description":"Schiffsfahrer Douwe Visser Schiffsfahrer Douwe Visser Douwe Visser wurde in Sneek geboren und stammt aus einer friesischen Familie von Schiffern. Sk\u00fbtsjesilen wurde in seiner Familie von Generation zu Generation weitergegeben. Seit 2005 ist er Skipper auf der Grouster sk\u00fbtsje. Sk\u00fbtsje-Karriere Douwe VisserSeit seinem 15. Lebensjahr ist er in sk\u00fbtsjesilen aktiv. Von 1978 bis 2001 war [&hellip;]","og_url":"https:\/\/vissershipping.nl\/de\/douwe-visser\/","og_site_name":"Vissershipping","article_publisher":"https:\/\/www.facebook.com\/p\/Visser-Shipping-100063992502092\/?locale=nl_NL","article_modified_time":"2025-01-04T10:17:19+00:00","og_image":[{"url":"https:\/\/vissershipping.nl\/wp-content\/uploads\/2024\/12\/Douwe-Visser-III.jpg","type":"","width":"","height":""}],"twitter_card":"summary_large_image","twitter_misc":{"Gesch\u00e4tzte Lesezeit":"1\u00a0Minute"},"schema":{"@context":"https:\/\/schema.org","@graph":[{"@type":"WebPage","@id":"https:\/\/vissershipping.nl\/de\/douwe-visser\/","url":"https:\/\/vissershipping.nl\/de\/douwe-visser\/","name":"Douwe Visser - Vissershipping","isPartOf":{"@id":"https:\/\/vissershipping.nl\/de\/#website"},"primaryImageOfPage":{"@id":"https:\/\/vissershipping.nl\/de\/douwe-visser\/#primaryimage"},"image":{"@id":"https:\/\/vissershipping.nl\/de\/douwe-visser\/#primaryimage"},"thumbnailUrl":"https:\/\/vissershipping.nl\/wp-content\/uploads\/2024\/12\/Douwe-Visser-III.jpg","datePublished":"2024-12-09T14:39:29+00:00","dateModified":"2025-01-04T10:17:19+00:00","breadcrumb":{"@id":"https:\/\/vissershipping.nl\/de\/douwe-visser\/#breadcrumb"},"inLanguage":"de","potentialAction":[{"@type":"ReadAction","target":["https:\/\/vissershipping.nl\/de\/douwe-visser\/"]}]},{"@type":"ImageObject","inLanguage":"de","@id":"https:\/\/vissershipping.nl\/de\/douwe-visser\/#primaryimage","url":"https:\/\/vissershipping.nl\/wp-content\/uploads\/2024\/12\/Douwe-Visser-III.jpg","contentUrl":"https:\/\/vissershipping.nl\/wp-content\/uploads\/2024\/12\/Douwe-Visser-III.jpg"},{"@type":"BreadcrumbList","@id":"https:\/\/vissershipping.nl\/de\/douwe-visser\/#breadcrumb","itemListElement":[{"@type":"ListItem","position":1,"name":"Home","item":"https:\/\/vissershipping.nl\/de\/startseite\/"},{"@type":"ListItem","position":2,"name":"Douwe Visser"}]},{"@type":"WebSite","@id":"https:\/\/vissershipping.nl\/de\/#website","url":"https:\/\/vissershipping.nl\/de\/","name":"Vissershipping","description":"Mit f\u00fcnf modernen Containerschiffen bietet Visser Shipping Containertransporte auf dem Seeweg mit Zielen in ganz Nordwesteuropa an.","publisher":{"@id":"https:\/\/vissershipping.nl\/de\/#organization"},"potentialAction":[{"@type":"SearchAction","target":{"@type":"EntryPoint","urlTemplate":"https:\/\/vissershipping.nl\/de\/?s={search_term_string}"},"query-input":{"@type":"PropertyValueSpecification","valueRequired":true,"valueName":"search_term_string"}}],"inLanguage":"de"},{"@type":"Organization","@id":"https:\/\/vissershipping.nl\/de\/#organization","name":"Visser Shipping","url":"https:\/\/vissershipping.nl\/de\/","logo":{"@type":"ImageObject","inLanguage":"de","@id":"https:\/\/vissershipping.nl\/de\/#\/schema\/logo\/image\/","url":"https:\/\/vissershipping.nl\/wp-content\/uploads\/2025\/01\/VS-logo-drak.webp","contentUrl":"https:\/\/vissershipping.nl\/wp-content\/uploads\/2025\/01\/VS-logo-drak.webp","width":272,"height":100,"caption":"Visser Shipping"},"image":{"@id":"https:\/\/vissershipping.nl\/de\/#\/schema\/logo\/image\/"},"sameAs":["https:\/\/www.facebook.com\/p\/Visser-Shipping-100063992502092\/?locale=nl_NL","https:\/\/www.instagram.com\/vissershipping","https:\/\/www.linkedin.com\/company\/visser-shipping\/"]}]}},"_links":{"self":[{"href":"https:\/\/vissershipping.nl\/de\/wp-json\/wp\/v2\/pages\/7785","targetHints":{"allow":["GET"]}}],"collection":[{"href":"https:\/\/vissershipping.nl\/de\/wp-json\/wp\/v2\/pages"}],"about":[{"href":"https:\/\/vissershipping.nl\/de\/wp-json\/wp\/v2\/types\/page"}],"author":[{"embeddable":true,"href":"https:\/\/vissershipping.nl\/de\/wp-json\/wp\/v2\/users\/1"}],"replies":[{"embeddable":true,"href":"https:\/\/vissershipping.nl\/de\/wp-json\/wp\/v2\/comments?post=7785"}],"version-history":[{"count":16,"href":"https:\/\/vissershipping.nl\/de\/wp-json\/wp\/v2\/pages\/7785\/revisions"}],"predecessor-version":[{"id":8113,"href":"https:\/\/vissershipping.nl\/de\/wp-json\/wp\/v2\/pages\/7785\/revisions\/8113"}],"wp:attachment":[{"href":"https:\/\/vissershipping.nl\/de\/wp-json\/wp\/v2\/media?parent=7785"}],"curies":[{"name":"wp","href":"https:\/\/api.w.org\/{rel}","templated":true}]}}